{"id":106,"date":"2023-05-27T20:14:28","date_gmt":"2023-05-27T20:14:28","guid":{"rendered":"https:\/\/skovhaven7080.dk\/?page_id=106"},"modified":"2025-08-30T18:51:17","modified_gmt":"2025-08-30T18:51:17","slug":"grundejerforenings-historie-og-formaal","status":"publish","type":"page","link":"https:\/\/skovhaven7080.dk\/?page_id=106","title":{"rendered":"Grundejerforenings historie og form\u00e5l"},"content":{"rendered":"\t\t<div data-elementor-type=\"wp-page\" data-elementor-id=\"106\" class=\"elementor elementor-106\">\n\t\t\t\t\t\t<section class=\"elementor-section elementor-top-section elementor-element elementor-element-03427cc elementor-section-boxed elementor-section-height-default elementor-section-height-default\" data-id=\"03427cc\" data-element_type=\"section\">\n\t\t\t\t\t\t<div class=\"elementor-container elementor-column-gap-default\">\n\t\t\t\t\t<div class=\"elementor-column elementor-col-100 elementor-top-column elementor-element elementor-element-967d803\" data-id=\"967d803\" data-element_type=\"column\">\n\t\t\t<div class=\"elementor-widget-wrap elementor-element-populated\">\n\t\t\t\t\t\t<div class=\"elementor-element elementor-element-45d7ca1 elementor-widget elementor-widget-text-editor\" data-id=\"45d7ca1\" data-element_type=\"widget\" data-widget_type=\"text-editor.default\">\n\t\t\t\t<div class=\"elementor-widget-container\">\n\t\t\t\t\t\t\t\t\t<h2>Historie:<\/h2><p>Skovhaven i B\u00f8rkop best\u00e5r af 49 husstande fordelt med 25 antal husstande med grunde fra Vejle kommune og 24 antal husstande med grunde fra Eurodan.<\/p><p>Den 18. marts 2019 blev der afholdt f\u00f8rste informationsm\u00f8de med Vejle kommune omkring oprettelse af grundejerforening i Skovhaven og processen med f\u00e6rdigg\u00f8relse af udstykningen og overdragelse til fra kommunen til foreningen.<\/p><p>Dette resulterede i af der blev afholdt stiftende generalforsamling 20. juni 2019, hvor de fremlagte vedt\u00e6gter i sin helhed blev godkendt og der blev nedsat den f\u00f8rste bestyrelse.<\/p><p>\u00a0<\/p><h2>Form\u00e5l:<\/h2><div>\u00a71 Foreningens navn er Grundejerforeningen Skovhaven<\/div><div>\u00a72 Foreningens hjemsted er Vejle Kommune<\/div><div>\u00a0<\/div><div>\u00a73 Grundeierforeningen forest\u00e5r etablering, drift og vedligeholdelse af f\u00e6llesanl\u00e6g og f\u00e6llesarealer i<br \/>overensstemmelse med lokalplanens bestemmelser, herunder pasning og vedligeholdelse af de<br \/>gr\u00f8nne omr\u00e5der, der er anlagt i forbindelse med udstykningen, ren- og vedligeholdelse, snerydning,<br \/>glatf\u00f8regrusning, belysning etc. p\u00e5 veje, stier og f\u00e6llesarealer, herunder ogs\u00e5 f\u00e6rdselsarealer p\u00e5<br \/>storparceller, i det omfang, dette ikke udf\u00f8res af storparcelejerne, samt eventuelle private vandl\u00f8b,<br \/>herunder dr\u00e6n efter anvisning fra vandl\u00f8bsmyndigheden. Grundejerforeningen udf\u00f8rer i \u00f8vrigt de<br \/>opgaver, der henl\u00e6gges til foreningen i medf\u00f8r af lovgivningen<\/div><div>\u00a0<\/div><div>\u00a74 Grundejerforeningen forest\u00e5r grundejernes f\u00e6lles interesser:<br \/>i. i forhandlinger med Vejle Kommune eller anden offentlig myndighed,<br \/>ii. ved at tage beslutning om og medvirke til anvendelsen af f\u00e6llesarealer,<br \/>iii. ved at udtale sig i byplanm\u00e6ssige sp\u00f8rgsm\u00e5|, der vedr\u00f8rer lokalomr\u00e5det,<br \/>iv. ved at sikre vedligeholdelse af veje og f\u00e6llesarealer og forn\u00f8den snerydning,<br \/>v. ved at udtale sig om og bidrage til trafiksikkerheden i lokalomr\u00e5det, samt<br \/>vi. ved at afholde f\u00e6llesarrangementer for grundejerne samt deres b\u00f8rn &#8211; i det omfang der er<br \/>interesse herfor.<\/div><div>\u00a0<\/div><div>\u00a75 Grundejerforeningen varetager i \u00f8vrigt medlemmernes f\u00e6llesinteresser i overensstemmelse med<br \/>generalforsamlingsbeslutning herom.<\/div><div>\u00a0<\/div>\t\t\t\t\t\t\t\t<\/div>\n\t\t\t\t<\/div>\n\t\t\t\t\t<\/div>\n\t\t<\/div>\n\t\t\t\t\t<\/div>\n\t\t<\/section>\n\t\t\t\t<section class=\"elementor-section elementor-top-section elementor-element elementor-element-e6596d2 elementor-section-boxed elementor-section-height-default elementor-section-height-default\" data-id=\"e6596d2\" data-element_type=\"section\">\n\t\t\t\t\t\t<div class=\"elementor-container elementor-column-gap-default\">\n\t\t\t\t\t<div class=\"elementor-column elementor-col-100 elementor-top-column elementor-element elementor-element-cfb9748\" data-id=\"cfb9748\" data-element_type=\"column\">\n\t\t\t<div class=\"elementor-widget-wrap elementor-element-populated\">\n\t\t\t\t\t\t<div class=\"elementor-element elementor-element-f9d0ebe elementor-widget elementor-widget-spacer\" data-id=\"f9d0ebe\" data-element_type=\"widget\" data-widget_type=\"spacer.default\">\n\t\t\t\t<div class=\"elementor-widget-container\">\n\t\t\t\t\t\t\t<div class=\"elementor-spacer\">\n\t\t\t<div class=\"elementor-spacer-inner\"><\/div>\n\t\t<\/div>\n\t\t\t\t\t\t<\/div>\n\t\t\t\t<\/div>\n\t\t\t\t\t<\/div>\n\t\t<\/div>\n\t\t\t\t\t<\/div>\n\t\t<\/section>\n\t\t\t\t<section class=\"elementor-section elementor-top-section elementor-element elementor-element-32114a9 elementor-section-boxed elementor-section-height-default elementor-section-height-default\" data-id=\"32114a9\" data-element_type=\"section\">\n\t\t\t\t\t\t<div class=\"elementor-container elementor-column-gap-default\">\n\t\t\t\t\t<div class=\"elementor-column elementor-col-100 elementor-top-column elementor-element elementor-element-2884456\" data-id=\"2884456\" data-element_type=\"column\">\n\t\t\t<div class=\"elementor-widget-wrap elementor-element-populated\">\n\t\t\t\t\t\t<div class=\"elementor-element elementor-element-51e9836 elementor-widget elementor-widget-text-editor\" data-id=\"51e9836\" data-element_type=\"widget\" data-widget_type=\"text-editor.default\">\n\t\t\t\t<div class=\"elementor-widget-container\">\n\t\t\t\t\t\t\t\t\t<h2><a href=\"https:\/\/skovhaven7080.dk\/?page_id=113\">Kontakt bestyrelsen<\/a>Kontaktoplysninger:<\/h2>\n<p>Grundejerforeningen Skovhaven<br>Skovhaven<br>7080 B\u00f8rkop<br>CVR: 40680136<br>Email: <a href=\"https:\/\/skovhaven7080.dk\/?page_id=113\">skovhaven7080@gmail.com<\/a><\/p>\n<h4>Bank kontonummer:<\/h4>\n<p>Reg.:6855 <br>Konto nr.:0001097691<\/p>\t\t\t\t\t\t\t\t<\/div>\n\t\t\t\t<\/div>\n\t\t\t\t\t<\/div>\n\t\t<\/div>\n\t\t\t\t\t<\/div>\n\t\t<\/section>\n\t\t\t\t<\/div>\n\t\t","protected":false},"excerpt":{"rendered":"<p>Historie: Skovhaven i B\u00f8rkop best\u00e5r af 49 husstande fordelt med 25 antal husstande med grunde fra Vejle kommune og 24 antal husstande med grunde fra Eurodan. Den 18. marts 2019 blev der afholdt f\u00f8rste informationsm\u00f8de med Vejle kommune omkring oprettelse af grundejerforening i Skovhaven og processen med f\u00e6rdigg\u00f8relse af udstykningen og overdragelse til fra kommunen [&hellip;]<\/p>\n","protected":false},"author":1,"featured_media":0,"parent":0,"menu_order":0,"comment_status":"closed","ping_status":"closed","template":"","meta":{"footnotes":""},"class_list":["post-106","page","type-page","status-publish","hentry"],"_links":{"self":[{"href":"https:\/\/skovhaven7080.dk\/index.php?rest_route=\/wp\/v2\/pages\/106","targetHints":{"allow":["GET"]}}],"collection":[{"href":"https:\/\/skovhaven7080.dk\/index.php?rest_route=\/wp\/v2\/pages"}],"about":[{"href":"https:\/\/skovhaven7080.dk\/index.php?rest_route=\/wp\/v2\/types\/page"}],"author":[{"embeddable":true,"href":"https:\/\/skovhaven7080.dk\/index.php?rest_route=\/wp\/v2\/users\/1"}],"replies":[{"embeddable":true,"href":"https:\/\/skovhaven7080.dk\/index.php?rest_route=%2Fwp%2Fv2%2Fcomments&post=106"}],"version-history":[{"count":37,"href":"https:\/\/skovhaven7080.dk\/index.php?rest_route=\/wp\/v2\/pages\/106\/revisions"}],"predecessor-version":[{"id":1414,"href":"https:\/\/skovhaven7080.dk\/index.php?rest_route=\/wp\/v2\/pages\/106\/revisions\/1414"}],"wp:attachment":[{"href":"https:\/\/skovhaven7080.dk\/index.php?rest_route=%2Fwp%2Fv2%2Fmedia&parent=106"}],"curies":[{"name":"wp","href":"https:\/\/api.w.org\/{rel}","templated":true}]}}