{"id":3,"date":"2023-05-22T21:29:10","date_gmt":"2023-05-22T21:29:10","guid":{"rendered":"https:\/\/skovhaven7080.dk\/?page_id=3"},"modified":"2023-07-12T11:42:18","modified_gmt":"2023-07-12T11:42:18","slug":"privacy-policy","status":"publish","type":"page","link":"https:\/\/skovhaven7080.dk\/?page_id=3","title":{"rendered":"Privacy Policy"},"content":{"rendered":"\t\t<div data-elementor-type=\"wp-page\" data-elementor-id=\"3\" class=\"elementor elementor-3\">\n\t\t\t\t\t\t<section class=\"elementor-section elementor-top-section elementor-element elementor-element-139713c5 elementor-section-boxed elementor-section-height-default elementor-section-height-default\" data-id=\"139713c5\" data-element_type=\"section\">\n\t\t\t\t\t\t<div class=\"elementor-container elementor-column-gap-default\">\n\t\t\t\t\t<div class=\"elementor-column elementor-col-100 elementor-top-column elementor-element elementor-element-4c60db61\" data-id=\"4c60db61\" data-element_type=\"column\">\n\t\t\t<div class=\"elementor-widget-wrap elementor-element-populated\">\n\t\t\t\t\t\t<div class=\"elementor-element elementor-element-1bab0794 elementor-widget elementor-widget-text-editor\" data-id=\"1bab0794\" data-element_type=\"widget\" data-widget_type=\"text-editor.default\">\n\t\t\t\t<div class=\"elementor-widget-container\">\n\t\t\t\t\t\t\t\t\t<h3>Hvem er vi<\/h3><p><span style=\"color: #333333; font-family: -apple-system, BlinkMacSystemFont, 'Segoe UI', Roboto, 'Helvetica Neue', Arial, 'Noto Sans', sans-serif, 'Apple Color Emoji', 'Segoe UI Emoji', 'Segoe UI Symbol', 'Noto Color Emoji'; font-size: 16px;\">Grundejerforeningen Skovhaven<\/span><br style=\"color: #333333; font-family: -apple-system, BlinkMacSystemFont, 'Segoe UI', Roboto, 'Helvetica Neue', Arial, 'Noto Sans', sans-serif, 'Apple Color Emoji', 'Segoe UI Emoji', 'Segoe UI Symbol', 'Noto Color Emoji'; font-size: 16px;\" \/><span style=\"color: #333333; font-family: -apple-system, BlinkMacSystemFont, 'Segoe UI', Roboto, 'Helvetica Neue', Arial, 'Noto Sans', sans-serif, 'Apple Color Emoji', 'Segoe UI Emoji', 'Segoe UI Symbol', 'Noto Color Emoji'; font-size: 16px;\">Skovhaven<\/span><br style=\"color: #333333; font-family: -apple-system, BlinkMacSystemFont, 'Segoe UI', Roboto, 'Helvetica Neue', Arial, 'Noto Sans', sans-serif, 'Apple Color Emoji', 'Segoe UI Emoji', 'Segoe UI Symbol', 'Noto Color Emoji'; font-size: 16px;\" \/><span style=\"color: #333333; font-family: -apple-system, BlinkMacSystemFont, 'Segoe UI', Roboto, 'Helvetica Neue', Arial, 'Noto Sans', sans-serif, 'Apple Color Emoji', 'Segoe UI Emoji', 'Segoe UI Symbol', 'Noto Color Emoji'; font-size: 16px;\">7080 B\u00f8rkop<\/span><br style=\"color: #333333; font-family: -apple-system, BlinkMacSystemFont, 'Segoe UI', Roboto, 'Helvetica Neue', Arial, 'Noto Sans', sans-serif, 'Apple Color Emoji', 'Segoe UI Emoji', 'Segoe UI Symbol', 'Noto Color Emoji'; font-size: 16px;\" \/><span style=\"color: #333333; font-family: -apple-system, BlinkMacSystemFont, 'Segoe UI', Roboto, 'Helvetica Neue', Arial, 'Noto Sans', sans-serif, 'Apple Color Emoji', 'Segoe UI Emoji', 'Segoe UI Symbol', 'Noto Color Emoji'; font-size: 16px;\">CVR: 40680136<\/span><\/p><p style=\"line-height: 1.5; margin: 1em 0px;\"><span style=\"color: #333333; font-family: -apple-system, BlinkMacSystemFont, 'Segoe UI', Roboto, 'Helvetica Neue', Arial, 'Noto Sans', sans-serif, 'Apple Color Emoji', 'Segoe UI Emoji', 'Segoe UI Symbol', 'Noto Color Emoji'; font-size: 16px;\">Email:\u00a0<\/span><a style=\"background-color: #ffffff; font-family: -apple-system, BlinkMacSystemFont, 'Segoe UI', Roboto, 'Helvetica Neue', Arial, 'Noto Sans', sans-serif, 'Apple Color Emoji', 'Segoe UI Emoji', 'Segoe UI Symbol', 'Noto Color Emoji'; font-size: 16px;\" href=\"https:\/\/skovhaven7080.dk\/?page_id=113\">skovhaven7080@gmail.com<\/a><\/p><p style=\"line-height: 1.5; margin: 1em 0px;\"><span style=\"color: #333333; font-family: -apple-system, BlinkMacSystemFont, 'Segoe UI', Roboto, 'Helvetica Neue', Arial, 'Noto Sans', sans-serif, 'Apple Color Emoji', 'Segoe UI Emoji', 'Segoe UI Symbol', 'Noto Color Emoji'; font-size: 16px;\">Vores webstedsadresse er: https:\/\/skovhaven7080.dk.<\/span><\/p><h3 style=\"line-height: 1.5; margin: 1em 0px;\"><span style=\"color: #1d2327; font-family: inherit; font-size: 1.3em; font-weight: 600;\">Hvilke personlige data vi indsamler og hvorfor vi indsamler det<\/span><\/h3><h5 style=\"font-weight: 600; color: #1d2327; font-size: 1.3em; margin: 1em 0px;\">Kommentarer<\/h5><p>N\u00e5r bes\u00f8gende skriver kommentarer p\u00e5 webstedet, indsamler vi de data, som vises i kommentarformularen, og ogs\u00e5 den bes\u00f8gendes IP-adresse og browserens user agent string for at hj\u00e6lpe med at opdage spam.<\/p><p>En anonymiseret streng som er oprettet ud fra din e-mailadresse (ogs\u00e5 kaldet et hash), kan leveres til Gravatar tjenesten for at se om du bruger denne. Gravatar tjenestens privatlivspolitik er tilg\u00e6ngelig her: https:\/\/automattic.com\/privacy\/. Efter godkendelse af din kommentar, vil dit profilbillede v\u00e6re synligt for offentligheden sammen med din kommentar.<\/p><p><span style=\"color: #1d2327; font-family: inherit; font-size: 1.3em; font-weight: 600;\">Medier<\/span><\/p><p style=\"line-height: 1.5; margin: 1em 0px;\"><span style=\"color: #333333; font-family: -apple-system, BlinkMacSystemFont, 'Segoe UI', Roboto, 'Helvetica Neue', Arial, 'Noto Sans', sans-serif, 'Apple Color Emoji', 'Segoe UI Emoji', 'Segoe UI Symbol', 'Noto Color Emoji'; font-size: 16px;\">Hvis du uploader billeder til webstedet, s\u00e5 b\u00f8r du undlade at uploade billeder med indlejrede lokalitetsdata (EXIF GPS) inkluderet. Bes\u00f8gende p\u00e5 webstedet kan downloade og udtr\u00e6kke alle lokalitetsdata fra billeder p\u00e5 webstedet.<\/span><\/p><p><span style=\"color: #1d2327; font-family: inherit; font-size: 1.3em; font-weight: 600;\">Indlejret indhold fra andre websteder<\/span><\/p><p style=\"color: #333333; font-family: -apple-system, BlinkMacSystemFont, 'Segoe UI', Roboto, 'Helvetica Neue', Arial, 'Noto Sans', sans-serif, 'Apple Color Emoji', 'Segoe UI Emoji', 'Segoe UI Symbol', 'Noto Color Emoji'; font-size: 16px;\">Artikler p\u00e5 dette websted kan indeholde indlejret indhold (f.eks. videoer, billeder, artikler osv.). Indlejret indhold fra andre websteder opf\u00f8rer sig p\u00e5 n\u00f8jagtig samme m\u00e5de, som hvis den bes\u00f8gende har bes\u00f8gt det andet websted.<\/p><p style=\"color: #333333; font-family: -apple-system, BlinkMacSystemFont, 'Segoe UI', Roboto, 'Helvetica Neue', Arial, 'Noto Sans', sans-serif, 'Apple Color Emoji', 'Segoe UI Emoji', 'Segoe UI Symbol', 'Noto Color Emoji'; font-size: 16px;\">Disse websteder indsamler m\u00e5ske data om dig, bruger cookies, indlejrer ekstra tredjeparts sporing, og overv\u00e5ger din interaktion med dette indlejrede indhold, heriblandt at spore din interaktion med indlejret indhold, hvis du har en konto og en logget ind p\u00e5 det websted.<\/p><p style=\"line-height: 1.5; margin: 1em 0px;\"><span style=\"color: #1d2327; font-family: inherit; font-size: 1.3em; font-weight: 600;\">Kontaktformularer<\/span><\/p><p style=\"line-height: 1.5; margin: 1em 0px;\">N\u00e5r bes\u00f8gende anvender kontaktformularen bliver f\u00f8lgende data gemt: Navn, email, husnummer, Emne, din besked og vedh\u00e6ftet fil.<br \/>Disse data gemmes s\u00e5 lang tid det er relevant i forhold til henvendelsen, og vil herefter blive slettet.<br \/>Der er ingen data der anvendes til markedsf\u00f8ring.<\/p><p style=\"line-height: 1.5; margin: 1em 0px;\"><span style=\"color: #1d2327; font-family: inherit; font-size: 1.3em; font-weight: 600;\">Cookies<\/span><\/p><p style=\"line-height: 1.5; margin: 1em 0px;\">Vi anvender ikke cookies.<\/p><p style=\"font-weight: 600; color: #1d2327; font-size: 1.3em; margin: 1em 0px;\">Analytics<\/p><p style=\"line-height: 1.5; margin: 1em 0px;\">Vi anvender ikke analytics.<\/p><h3 style=\"font-weight: 600; color: #1d2327; font-size: 1.3em; margin: 1em 0px;\">Hvem vi deler dine data med<\/h3><p style=\"line-height: 1.5; margin: 1em 0px;\">Vi deler ikke noget persondata med nogen.<\/p><p style=\"font-weight: 600; color: #1d2327; font-size: 1.3em; margin: 1em 0px;\">Hvor l\u00e6nge vi gemmer dine data<\/p><p style=\"line-height: 1.5; margin: 1em 0px;\"><span style=\"color: #333333; font-family: -apple-system, BlinkMacSystemFont, 'Segoe UI', Roboto, 'Helvetica Neue', Arial, 'Noto Sans', sans-serif, 'Apple Color Emoji', 'Segoe UI Emoji', 'Segoe UI Symbol', 'Noto Color Emoji'; font-size: 16px;\">Hvis du skriver en kommentar, s\u00e5 bliver kommentarer og dens metadata bevaret p\u00e5 ubestemt tid. Dette er s\u00e5 vi kan genkende og godkende enhver opf\u00f8lgende kommentar automatisk i stedet for at have dem i en moderationsk\u00f8.<\/span><\/p><p style=\"line-height: 1.5; margin: 1em 0px;\"><span style=\"color: #1d2327; font-family: inherit; font-size: 1.3em; font-weight: 600;\">Hvilke rettigheder har du over dine data<\/span><\/p><p style=\"line-height: 1.5; margin: 1em 0px;\"><span style=\"color: #333333; font-family: -apple-system, BlinkMacSystemFont, 'Segoe UI', Roboto, 'Helvetica Neue', Arial, 'Noto Sans', sans-serif, 'Apple Color Emoji', 'Segoe UI Emoji', 'Segoe UI Symbol', 'Noto Color Emoji'; font-size: 16px;\">Hvis du har skrevet kommentarer, kan du bede om en eksporteret fil med de personlige data vi har liggende om dig, heriblandt alt data, du har givet os. Du kan ogs\u00e5 bede om, at vi sletter alle personlige data, vi har om dig. Dette indbefatter ikke nogen form for data, som vi er forpligtede til at gemme af administrative, lovm\u00e6ssige eller sikkerhedsm\u00e6ssige grunde.<\/span><\/p><p style=\"line-height: 1.5; margin: 1em 0px;\"><span style=\"color: #1d2327; font-family: inherit; font-size: 1.3em; font-weight: 600;\">Hvor dine data sendes hen<\/span><\/p><p style=\"line-height: 1.5; margin: 1em 0px;\"><span style=\"color: #333333; font-family: -apple-system, BlinkMacSystemFont, 'Segoe UI', Roboto, 'Helvetica Neue', Arial, 'Noto Sans', sans-serif, 'Apple Color Emoji', 'Segoe UI Emoji', 'Segoe UI Symbol', 'Noto Color Emoji'; font-size: 16px;\">Bes\u00f8gendes kommentarer kan muligvis blive kontrolleret af en automatisk spam-genkendelse tjeneste.<\/span><\/p><p>Servere og data er placeret i Tyskland.<\/p><p>Vores leverand\u00f8r til hosting af hjemmesiden p\u00e5ser, at alle underleverand\u00f8rer opfylder kravene i artikel 28 i Forordningen og forpligtigelserne i det afsnit. Leverand\u00f8ren m\u00e5 ikke uden vires skriftlige forudg\u00e5ende tilladelse overf\u00f8re evt. personoplysninger til lande uden for EU\/E\u00d8S.<\/p><p>Leverand\u00f8ren garanterer, at alle leverand\u00f8rens ydelser er og vil blive udf\u00f8rt i overensstemmelse med god IT-skik.<\/p><p style=\"font-weight: 600; color: #1d2327; font-size: 1.3em; margin: 1em 0px;\">Kontaktoplysninger \/ Yderligere information<\/p><p style=\"line-height: 1.5; margin: 1em 0px;\">S\u00e5fremt der \u00f8nskes yderligere information om GDPR eller privacy policy anvendes kontaktformularen p\u00e5 hjemmesiden<\/p><p style=\"font-weight: 600; color: #1d2327; font-size: 1.3em; margin: 1em 0px;\"><span style=\"font-family: inherit; font-size: 1.3em;\">Hvordan vi beskytter dine data<\/span><\/p><p style=\"line-height: 1.5; margin: 1em 0px;\">Vores procedure for beskyttelse af data og evt. databrud er p\u00e5 bestyrelsesm\u00f8derne j\u00e6vnligt at gennemg\u00e5 evt. uregelm\u00e6ssigheder eller andre opst\u00e5ede problemer, og den vej f\u00e5 rettet op systemfejl eller andre uregelm\u00e6ssigheder.<\/p>\t\t\t\t\t\t\t\t<\/div>\n\t\t\t\t<\/div>\n\t\t\t\t\t<\/div>\n\t\t<\/div>\n\t\t\t\t\t<\/div>\n\t\t<\/section>\n\t\t\t\t<\/div>\n\t\t","protected":false},"excerpt":{"rendered":"<p>Hvem er vi Grundejerforeningen SkovhavenSkovhaven7080 B\u00f8rkopCVR: 40680136 Email:\u00a0skovhaven7080@gmail.com Vores webstedsadresse er: https:\/\/skovhaven7080.dk. Hvilke personlige data vi indsamler og hvorfor vi indsamler det Kommentarer N\u00e5r bes\u00f8gende skriver kommentarer p\u00e5 webstedet, indsamler vi de data, som vises i kommentarformularen, og ogs\u00e5 den bes\u00f8gendes IP-adresse og browserens user agent string for at hj\u00e6lpe med at opdage spam. En [&hellip;]<\/p>\n","protected":false},"author":1,"featured_media":0,"parent":0,"menu_order":0,"comment_status":"closed","ping_status":"open","template":"","meta":{"footnotes":""},"class_list":["post-3","page","type-page","status-publish","hentry"],"_links":{"self":[{"href":"https:\/\/skovhaven7080.dk\/index.php?rest_route=\/wp\/v2\/pages\/3","targetHints":{"allow":["GET"]}}],"collection":[{"href":"https:\/\/skovhaven7080.dk\/index.php?rest_route=\/wp\/v2\/pages"}],"about":[{"href":"https:\/\/skovhaven7080.dk\/index.php?rest_route=\/wp\/v2\/types\/page"}],"author":[{"embeddable":true,"href":"https:\/\/skovhaven7080.dk\/index.php?rest_route=\/wp\/v2\/users\/1"}],"replies":[{"embeddable":true,"href":"https:\/\/skovhaven7080.dk\/index.php?rest_route=%2Fwp%2Fv2%2Fcomments&post=3"}],"version-history":[{"count":18,"href":"https:\/\/skovhaven7080.dk\/index.php?rest_route=\/wp\/v2\/pages\/3\/revisions"}],"predecessor-version":[{"id":927,"href":"https:\/\/skovhaven7080.dk\/index.php?rest_route=\/wp\/v2\/pages\/3\/revisions\/927"}],"wp:attachment":[{"href":"https:\/\/skovhaven7080.dk\/index.php?rest_route=%2Fwp%2Fv2%2Fmedia&parent=3"}],"curies":[{"name":"wp","href":"https:\/\/api.w.org\/{rel}","templated":true}]}}